{"id":47,"date":"2025-07-27T13:27:20","date_gmt":"2025-07-27T13:27:20","guid":{"rendered":"https:\/\/milpergaminhos.com\/?page_id=47"},"modified":"2025-12-30T14:44:25","modified_gmt":"2025-12-30T14:44:25","slug":"sobre-nos","status":"publish","type":"page","link":"https:\/\/milpergaminhos.com\/en\/sobre-nos\/","title":{"rendered":"Sobre n\u00f3s"},"content":{"rendered":"<div data-elementor-type=\"wp-page\" data-elementor-id=\"47\" class=\"elementor elementor-47\" data-elementor-post-type=\"page\">\n\t\t\t\t<div class=\"elementor-element elementor-element-8d65bde e-flex e-con-boxed e-con e-parent\" data-id=\"8d65bde\" data-element_type=\"container\" data-e-type=\"container\">\n\t\t\t\t\t<div class=\"e-con-inner\">\n\t\t<div class=\"elementor-element elementor-element-3e0358a e-con-full e-flex e-con e-child\" data-id=\"3e0358a\" data-element_type=\"container\" data-e-type=\"container\">\n\t\t\t\t<div class=\"elementor-element elementor-element-730e078 elementor-widget elementor-widget-image\" data-id=\"730e078\" data-element_type=\"widget\" data-e-type=\"widget\" data-widget_type=\"image.default\">\n\t\t\t\t\t\t\t\t\t\t\t\t\t\t\t<img fetchpriority=\"high\" decoding=\"async\" width=\"512\" height=\"512\" src=\"https:\/\/milpergaminhos.com\/wp-content\/uploads\/2025\/08\/cropped-icone-site.jpeg\" class=\"attachment-large size-large wp-image-99\" alt=\"\" srcset=\"https:\/\/milpergaminhos.com\/wp-content\/uploads\/2025\/08\/cropped-icone-site.jpeg 512w, https:\/\/milpergaminhos.com\/wp-content\/uploads\/2025\/08\/cropped-icone-site-300x300.jpeg 300w, https:\/\/milpergaminhos.com\/wp-content\/uploads\/2025\/08\/cropped-icone-site-150x150.jpeg 150w, https:\/\/milpergaminhos.com\/wp-content\/uploads\/2025\/08\/cropped-icone-site-270x270.jpeg 270w, https:\/\/milpergaminhos.com\/wp-content\/uploads\/2025\/08\/cropped-icone-site-192x192.jpeg 192w, https:\/\/milpergaminhos.com\/wp-content\/uploads\/2025\/08\/cropped-icone-site-180x180.jpeg 180w, https:\/\/milpergaminhos.com\/wp-content\/uploads\/2025\/08\/cropped-icone-site-32x32.jpeg 32w\" sizes=\"(max-width: 512px) 100vw, 512px\" \/>\t\t\t\t\t\t\t\t\t\t\t\t\t\t\t<\/div>\n\t\t\t\t<\/div>\n\t\t<div class=\"elementor-element elementor-element-2c1a4ac e-con-full e-flex e-con e-child\" data-id=\"2c1a4ac\" data-element_type=\"container\" data-e-type=\"container\">\n\t\t\t\t<div class=\"elementor-element elementor-element-951396f elementor-widget elementor-widget-heading\" data-id=\"951396f\" data-element_type=\"widget\" data-e-type=\"widget\" data-widget_type=\"heading.default\">\n\t\t\t\t\t<h2 class=\"elementor-heading-title elementor-size-default\">Sobre n\u00f3s<\/h2>\t\t\t\t<\/div>\n\t\t\t\t<div class=\"elementor-element elementor-element-d2ad4fb elementor-widget elementor-widget-text-editor\" data-id=\"d2ad4fb\" data-element_type=\"widget\" data-e-type=\"widget\" data-widget_type=\"text-editor.default\">\n\t\t\t\t\t\t\t\t\t<p data-start=\"184\" data-end=\"558\">O <strong data-start=\"186\" data-end=\"205\">Mil Pergaminhos<\/strong> nasceu do desejo de compartilhar hist\u00f3rias que despertam emo\u00e7\u00f5es, inspiram sonhos e transportam o leitor para mundos onde a imagina\u00e7\u00e3o \u00e9 infinita. Aqui, reunimos uma cole\u00e7\u00e3o especial de <strong data-start=\"392\" data-end=\"468\">novels, romances, f\u00e1bulas orientais e narrativas que atravessam culturas<\/strong>, sempre com o prop\u00f3sito de encantar quem ama se perder \u2014 e se encontrar \u2014 entre palavras.<\/p><p data-start=\"560\" data-end=\"781\">Acreditamos que cada hist\u00f3ria \u00e9 um pergaminho: um fragmento de alma preservado no tempo. Por isso, nosso blog \u00e9 um ref\u00fagio para leitores que buscam <strong data-start=\"708\" data-end=\"778\">aventura, delicadeza, fantasia, introspec\u00e7\u00e3o e grandes sentimentos<\/strong>.<\/p><p data-start=\"560\" data-end=\"781\">\u00a0<\/p><p data-start=\"560\" data-end=\"781\">Este blog \u00e9 um espa\u00e7o independente e sem fins lucrativos, dedicado \u00e0 divulga\u00e7\u00e3o e curadoria de hist\u00f3rias com est\u00e9tica oriental, elementos fant\u00e1sticos e narrativas inspiradas em tradi\u00e7\u00f5es liter\u00e1rias diversas. <br \/>Todo o conte\u00fado aqui disponibilizado \u00e9 de car\u00e1ter experimental, com fins exclusivamente culturais e de aprecia\u00e7\u00e3o pessoal. Caso algum material precise ser revisado ou removido, entre em contato.<\/p>\t\t\t\t\t\t\t\t<\/div>\n\t\t\t\t<\/div>\n\t\t\t\t\t<\/div>\n\t\t\t\t<\/div>\n\t\t<div class=\"elementor-element elementor-element-223ff5d e-flex e-con-boxed e-con e-parent\" data-id=\"223ff5d\" data-element_type=\"container\" data-e-type=\"container\">\n\t\t\t\t\t<div class=\"e-con-inner\">\n\t\t<div class=\"elementor-element elementor-element-4af7998 e-con-full e-flex e-con e-child\" data-id=\"4af7998\" data-element_type=\"container\" data-e-type=\"container\">\n\t\t\t\t<div class=\"elementor-element elementor-element-96161bf elementor-widget elementor-widget-heading\" data-id=\"96161bf\" data-element_type=\"widget\" data-e-type=\"widget\" data-widget_type=\"heading.default\">\n\t\t\t\t\t<h2 class=\"elementor-heading-title elementor-size-default\">Redes sociais<\/h2>\t\t\t\t<\/div>\n\t\t\t\t<div class=\"elementor-element elementor-element-530a6b1 elementor-widget__width-initial elementor-widget elementor-widget-text-editor\" data-id=\"530a6b1\" data-element_type=\"widget\" data-e-type=\"widget\" data-widget_type=\"text-editor.default\">\n\t\t\t\t\t\t\t\t\t<p>Nos acompanhe nas nossas redes sociais:<\/p>\t\t\t\t\t\t\t\t<\/div>\n\t\t\t\t<div class=\"elementor-element elementor-element-289a45d social-icon-top social-subtitle-bottom official-item-bg-yes official-item-shadow-yes elementor-widget__width-initial social-layout-grid social-move-up-item elementor-widget rivax-social-icons-widget\" data-id=\"289a45d\" data-element_type=\"widget\" data-e-type=\"widget\" data-widget_type=\"rivax-social-icons.default\">\n\t\t\t\t<div class=\"elementor-widget-container\">\n\t\t\t\t\t<div class=\"rivax-social-icons\">\r\n    <div class=\"social-item elementor-repeater-item-108bcc5 x-fab-fa-telegram-plane\">\r\n        <div class=\"social-icon\">\r\n            <span class=\"icon\"><svg class=\"e-font-icon-svg e-fab-telegram-plane\" viewbox=\"0 0 448 512\" xmlns=\"http:\/\/www.w3.org\/2000\/svg\"><path d=\"M446.7 98.6l-67.6 318.8c-5.1 22.5-18.4 28.1-37.3 17.5l-103-75.9-49.7 47.8c-5.5 5.5-10.1 10.1-20.7 10.1l7.4-104.9 190.9-172.5c8.3-7.4-1.8-11.5-12.9-4.1L117.8 284 16.2 252.2c-22.1-6.9-22.5-22.1 4.6-32.7L418.2 66.4c18.4-6.9 34.5 4.1 28.5 32.2z\"><\/path><\/svg><\/span>\r\n        <\/div>\r\n                <div class=\"social-content\">\r\n\t\t    \t\t\t            <div class=\"social-subtitle\"><span class=\"subtitle\">Telegram<\/span><\/div>\r\n\t\t\t        <\/div>\r\n                <a class=\"rivax-position-cover\" href=\"#\" title=\"\" target=\"_blank\" aria-label=\"Social Media\"><\/a>\r\n    <\/div>\r\n        <div class=\"social-item elementor-repeater-item-11b3fab x-fab-fa-instagram\">\r\n        <div class=\"social-icon\">\r\n            <span class=\"icon\"><svg class=\"e-font-icon-svg e-fab-instagram\" viewbox=\"0 0 448 512\" xmlns=\"http:\/\/www.w3.org\/2000\/svg\"><path d=\"M224.1 141c-63.6 0-114.9 51.3-114.9 114.9s51.3 114.9 114.9 114.9S339 319.5 339 255.9 287.7 141 224.1 141zm0 189.6c-41.1 0-74.7-33.5-74.7-74.7s33.5-74.7 74.7-74.7 74.7 33.5 74.7 74.7-33.6 74.7-74.7 74.7zm146.4-194.3c0 14.9-12 26.8-26.8 26.8-14.9 0-26.8-12-26.8-26.8s12-26.8 26.8-26.8 26.8 12 26.8 26.8zm76.1 27.2c-1.7-35.9-9.9-67.7-36.2-93.9-26.2-26.2-58-34.4-93.9-36.2-37-2.1-147.9-2.1-184.9 0-35.8 1.7-67.6 9.9-93.9 36.1s-34.4 58-36.2 93.9c-2.1 37-2.1 147.9 0 184.9 1.7 35.9 9.9 67.7 36.2 93.9s58 34.4 93.9 36.2c37 2.1 147.9 2.1 184.9 0 35.9-1.7 67.7-9.9 93.9-36.2 26.2-26.2 34.4-58 36.2-93.9 2.1-37 2.1-147.8 0-184.8zM398.8 388c-7.8 19.6-22.9 34.7-42.6 42.6-29.5 11.7-99.5 9-132.1 9s-102.7 2.6-132.1-9c-19.6-7.8-34.7-22.9-42.6-42.6-11.7-29.5-9-99.5-9-132.1s-2.6-102.7 9-132.1c7.8-19.6 22.9-34.7 42.6-42.6 29.5-11.7 99.5-9 132.1-9s102.7-2.6 132.1 9c19.6 7.8 34.7 22.9 42.6 42.6 11.7 29.5 9 99.5 9 132.1s2.7 102.7-9 132.1z\"><\/path><\/svg><\/span>\r\n        <\/div>\r\n                <div class=\"social-content\">\r\n\t\t    \t\t\t            <div class=\"social-subtitle\"><span class=\"subtitle\">Instagram<\/span><\/div>\r\n\t\t\t        <\/div>\r\n                <a class=\"rivax-position-cover\" href=\"#\" title=\"\" target=\"_blank\" aria-label=\"Social Media\"><\/a>\r\n    <\/div>\r\n        <div class=\"social-item elementor-repeater-item-73cd685 x-fab-fa-whatsapp\">\r\n        <div class=\"social-icon\">\r\n            <span class=\"icon\"><svg class=\"e-font-icon-svg e-fab-whatsapp\" viewbox=\"0 0 448 512\" xmlns=\"http:\/\/www.w3.org\/2000\/svg\"><path d=\"M380.9 97.1C339 55.1 283.2 32 223.9 32c-122.4 0-222 99.6-222 222 0 39.1 10.2 77.3 29.6 111L0 480l117.7-30.9c32.4 17.7 68.9 27 106.1 27h.1c122.3 0 224.1-99.6 224.1-222 0-59.3-25.2-115-67.1-157zm-157 341.6c-33.2 0-65.7-8.9-94-25.7l-6.7-4-69.8 18.3L72 359.2l-4.4-7c-18.5-29.4-28.2-63.3-28.2-98.2 0-101.7 82.8-184.5 184.6-184.5 49.3 0 95.6 19.2 130.4 54.1 34.8 34.9 56.2 81.2 56.1 130.5 0 101.8-84.9 184.6-186.6 184.6zm101.2-138.2c-5.5-2.8-32.8-16.2-37.9-18-5.1-1.9-8.8-2.8-12.5 2.8-3.7 5.6-14.3 18-17.6 21.8-3.2 3.7-6.5 4.2-12 1.4-32.6-16.3-54-29.1-75.5-66-5.7-9.8 5.7-9.1 16.3-30.3 1.8-3.7.9-6.9-.5-9.7-1.4-2.8-12.5-30.1-17.1-41.2-4.5-10.8-9.1-9.3-12.5-9.5-3.2-.2-6.9-.2-10.6-.2-3.7 0-9.7 1.4-14.8 6.9-5.1 5.6-19.4 19-19.4 46.3 0 27.3 19.9 53.7 22.6 57.4 2.8 3.7 39.1 59.7 94.8 83.8 35.2 15.2 49 16.5 66.6 13.9 10.7-1.6 32.8-13.4 37.4-26.4 4.6-13 4.6-24.1 3.2-26.4-1.3-2.5-5-3.9-10.5-6.6z\"><\/path><\/svg><\/span>\r\n        <\/div>\r\n                <div class=\"social-content\">\r\n\t\t    \t\t\t            <div class=\"social-subtitle\"><span class=\"subtitle\">Whatsapp<\/span><\/div>\r\n\t\t\t        <\/div>\r\n                <a class=\"rivax-position-cover\" href=\"#\" title=\"\" target=\"_blank\" aria-label=\"Social Media\"><\/a>\r\n    <\/div>\r\n    <\/div>\t\t\t\t<\/div>\n\t\t\t\t<\/div>\n\t\t\t\t<\/div>\n\t\t\t\t\t<\/div>\n\t\t\t\t<\/div>\n\t\t\t\t<\/div>","protected":false},"excerpt":{"rendered":"<p>Sobre n\u00f3s O Mil Pergaminhos nasceu do desejo de compartilhar hist\u00f3rias que despertam emo\u00e7\u00f5es, inspiram sonhos e transportam o leitor para mundos onde a imagina\u00e7\u00e3o \u00e9 infinita. Aqui, reunimos uma cole\u00e7\u00e3o especial de novels, romances, f\u00e1bulas orientais e narrativas que atravessam culturas, sempre com o prop\u00f3sito de encantar quem ama se perder \u2014 e se [&hellip;]<\/p>\n","protected":false},"author":1,"featured_media":0,"parent":0,"menu_order":0,"comment_status":"closed","ping_status":"closed","template":"elementor_header_footer","meta":{"_monsterinsights_skip_tracking":false,"_monsterinsights_sitenote_active":false,"_monsterinsights_sitenote_note":"","_monsterinsights_sitenote_category":0,"_uf_show_specific_survey":0,"_uf_disable_surveys":false,"footnotes":""},"class_list":["post-47","page","type-page","status-publish","hentry"],"yoast_head":"<!-- This site is optimized with the Yoast SEO plugin v27.5 - https:\/\/yoast.com\/product\/yoast-seo-wordpress\/ -->\n<title>Sobre n\u00f3s - milpergaminhos.com<\/title>\n<meta name=\"robots\" content=\"index, follow, max-snippet:-1, max-image-preview:large, max-video-preview:-1\" \/>\n<link rel=\"canonical\" href=\"https:\/\/milpergaminhos.com\/en\/sobre-nos\/\" \/>\n<meta property=\"og:locale\" content=\"en_US\" \/>\n<meta property=\"og:type\" content=\"article\" \/>\n<meta property=\"og:title\" content=\"Sobre n\u00f3s - milpergaminhos.com\" \/>\n<meta property=\"og:description\" content=\"Sobre n\u00f3s O Mil Pergaminhos nasceu do desejo de compartilhar hist\u00f3rias que despertam emo\u00e7\u00f5es, inspiram sonhos e transportam o leitor para mundos onde a imagina\u00e7\u00e3o \u00e9 infinita. Aqui, reunimos uma cole\u00e7\u00e3o especial de novels, romances, f\u00e1bulas orientais e narrativas que atravessam culturas, sempre com o prop\u00f3sito de encantar quem ama se perder \u2014 e se [&hellip;]\" \/>\n<meta property=\"og:url\" content=\"https:\/\/milpergaminhos.com\/en\/sobre-nos\/\" \/>\n<meta property=\"og:site_name\" content=\"milpergaminhos.com\" \/>\n<meta property=\"article:modified_time\" content=\"2025-12-30T14:44:25+00:00\" \/>\n<meta property=\"og:image\" content=\"https:\/\/milpergaminhos.com\/wp-content\/uploads\/2025\/08\/cropped-icone-site.jpeg\" \/>\n\t<meta property=\"og:image:width\" content=\"512\" \/>\n\t<meta property=\"og:image:height\" content=\"512\" \/>\n\t<meta property=\"og:image:type\" content=\"image\/jpeg\" \/>\n<meta name=\"twitter:card\" content=\"summary_large_image\" \/>\n<meta name=\"twitter:label1\" content=\"Est. reading time\" \/>\n\t<meta name=\"twitter:data1\" content=\"1 minute\" \/>\n<script type=\"application\/ld+json\" class=\"yoast-schema-graph\">{\"@context\":\"https:\\\/\\\/schema.org\",\"@graph\":[{\"@type\":\"WebPage\",\"@id\":\"https:\\\/\\\/milpergaminhos.com\\\/sobre-nos\\\/\",\"url\":\"https:\\\/\\\/milpergaminhos.com\\\/sobre-nos\\\/\",\"name\":\"Sobre n\u00f3s - milpergaminhos.com\",\"isPartOf\":{\"@id\":\"https:\\\/\\\/milpergaminhos.com\\\/#website\"},\"primaryImageOfPage\":{\"@id\":\"https:\\\/\\\/milpergaminhos.com\\\/sobre-nos\\\/#primaryimage\"},\"image\":{\"@id\":\"https:\\\/\\\/milpergaminhos.com\\\/sobre-nos\\\/#primaryimage\"},\"thumbnailUrl\":\"https:\\\/\\\/milpergaminhos.com\\\/wp-content\\\/uploads\\\/2025\\\/08\\\/cropped-icone-site.jpeg\",\"datePublished\":\"2025-07-27T13:27:20+00:00\",\"dateModified\":\"2025-12-30T14:44:25+00:00\",\"breadcrumb\":{\"@id\":\"https:\\\/\\\/milpergaminhos.com\\\/sobre-nos\\\/#breadcrumb\"},\"inLanguage\":\"en-US\",\"potentialAction\":[{\"@type\":\"ReadAction\",\"target\":[\"https:\\\/\\\/milpergaminhos.com\\\/sobre-nos\\\/\"]}]},{\"@type\":\"ImageObject\",\"inLanguage\":\"en-US\",\"@id\":\"https:\\\/\\\/milpergaminhos.com\\\/sobre-nos\\\/#primaryimage\",\"url\":\"https:\\\/\\\/milpergaminhos.com\\\/wp-content\\\/uploads\\\/2025\\\/08\\\/cropped-icone-site.jpeg\",\"contentUrl\":\"https:\\\/\\\/milpergaminhos.com\\\/wp-content\\\/uploads\\\/2025\\\/08\\\/cropped-icone-site.jpeg\"},{\"@type\":\"BreadcrumbList\",\"@id\":\"https:\\\/\\\/milpergaminhos.com\\\/sobre-nos\\\/#breadcrumb\",\"itemListElement\":[{\"@type\":\"ListItem\",\"position\":1,\"name\":\"In\u00edcio\",\"item\":\"https:\\\/\\\/milpergaminhos.com\\\/\"},{\"@type\":\"ListItem\",\"position\":2,\"name\":\"Sobre n\u00f3s\"}]},{\"@type\":\"WebSite\",\"@id\":\"https:\\\/\\\/milpergaminhos.com\\\/#website\",\"url\":\"https:\\\/\\\/milpergaminhos.com\\\/\",\"name\":\"milpergaminhos.com\",\"description\":\"Uma cole\u00e7\u00e3o de mundos para quem ama sonhar\",\"publisher\":{\"@id\":\"https:\\\/\\\/milpergaminhos.com\\\/#organization\"},\"potentialAction\":[{\"@type\":\"SearchAction\",\"target\":{\"@type\":\"EntryPoint\",\"urlTemplate\":\"https:\\\/\\\/milpergaminhos.com\\\/?s={search_term_string}\"},\"query-input\":{\"@type\":\"PropertyValueSpecification\",\"valueRequired\":true,\"valueName\":\"search_term_string\"}}],\"inLanguage\":\"en-US\"},{\"@type\":\"Organization\",\"@id\":\"https:\\\/\\\/milpergaminhos.com\\\/#organization\",\"name\":\"milpergaminhos.com\",\"url\":\"https:\\\/\\\/milpergaminhos.com\\\/\",\"logo\":{\"@type\":\"ImageObject\",\"inLanguage\":\"en-US\",\"@id\":\"https:\\\/\\\/milpergaminhos.com\\\/#\\\/schema\\\/logo\\\/image\\\/\",\"url\":\"https:\\\/\\\/milpergaminhos.com\\\/wp-content\\\/uploads\\\/2025\\\/07\\\/mil-pergaminhos-logo.jpeg\",\"contentUrl\":\"https:\\\/\\\/milpergaminhos.com\\\/wp-content\\\/uploads\\\/2025\\\/07\\\/mil-pergaminhos-logo.jpeg\",\"width\":1280,\"height\":1006,\"caption\":\"milpergaminhos.com\"},\"image\":{\"@id\":\"https:\\\/\\\/milpergaminhos.com\\\/#\\\/schema\\\/logo\\\/image\\\/\"}}]}<\/script>\n<!-- \/ Yoast SEO plugin. -->","yoast_head_json":{"title":"Sobre n\u00f3s - milpergaminhos.com","robots":{"index":"index","follow":"follow","max-snippet":"max-snippet:-1","max-image-preview":"max-image-preview:large","max-video-preview":"max-video-preview:-1"},"canonical":"https:\/\/milpergaminhos.com\/en\/sobre-nos\/","og_locale":"en_US","og_type":"article","og_title":"Sobre n\u00f3s - milpergaminhos.com","og_description":"Sobre n\u00f3s O Mil Pergaminhos nasceu do desejo de compartilhar hist\u00f3rias que despertam emo\u00e7\u00f5es, inspiram sonhos e transportam o leitor para mundos onde a imagina\u00e7\u00e3o \u00e9 infinita. Aqui, reunimos uma cole\u00e7\u00e3o especial de novels, romances, f\u00e1bulas orientais e narrativas que atravessam culturas, sempre com o prop\u00f3sito de encantar quem ama se perder \u2014 e se [&hellip;]","og_url":"https:\/\/milpergaminhos.com\/en\/sobre-nos\/","og_site_name":"milpergaminhos.com","article_modified_time":"2025-12-30T14:44:25+00:00","og_image":[{"width":512,"height":512,"url":"https:\/\/milpergaminhos.com\/wp-content\/uploads\/2025\/08\/cropped-icone-site.jpeg","type":"image\/jpeg"}],"twitter_card":"summary_large_image","twitter_misc":{"Est. reading time":"1 minute"},"schema":{"@context":"https:\/\/schema.org","@graph":[{"@type":"WebPage","@id":"https:\/\/milpergaminhos.com\/sobre-nos\/","url":"https:\/\/milpergaminhos.com\/sobre-nos\/","name":"Sobre n\u00f3s - milpergaminhos.com","isPartOf":{"@id":"https:\/\/milpergaminhos.com\/#website"},"primaryImageOfPage":{"@id":"https:\/\/milpergaminhos.com\/sobre-nos\/#primaryimage"},"image":{"@id":"https:\/\/milpergaminhos.com\/sobre-nos\/#primaryimage"},"thumbnailUrl":"https:\/\/milpergaminhos.com\/wp-content\/uploads\/2025\/08\/cropped-icone-site.jpeg","datePublished":"2025-07-27T13:27:20+00:00","dateModified":"2025-12-30T14:44:25+00:00","breadcrumb":{"@id":"https:\/\/milpergaminhos.com\/sobre-nos\/#breadcrumb"},"inLanguage":"en-US","potentialAction":[{"@type":"ReadAction","target":["https:\/\/milpergaminhos.com\/sobre-nos\/"]}]},{"@type":"ImageObject","inLanguage":"en-US","@id":"https:\/\/milpergaminhos.com\/sobre-nos\/#primaryimage","url":"https:\/\/milpergaminhos.com\/wp-content\/uploads\/2025\/08\/cropped-icone-site.jpeg","contentUrl":"https:\/\/milpergaminhos.com\/wp-content\/uploads\/2025\/08\/cropped-icone-site.jpeg"},{"@type":"BreadcrumbList","@id":"https:\/\/milpergaminhos.com\/sobre-nos\/#breadcrumb","itemListElement":[{"@type":"ListItem","position":1,"name":"In\u00edcio","item":"https:\/\/milpergaminhos.com\/"},{"@type":"ListItem","position":2,"name":"Sobre n\u00f3s"}]},{"@type":"WebSite","@id":"https:\/\/milpergaminhos.com\/#website","url":"https:\/\/milpergaminhos.com\/","name":"milpergaminhos.com","description":"Uma cole\u00e7\u00e3o de mundos para quem ama sonhar","publisher":{"@id":"https:\/\/milpergaminhos.com\/#organization"},"potentialAction":[{"@type":"SearchAction","target":{"@type":"EntryPoint","urlTemplate":"https:\/\/milpergaminhos.com\/?s={search_term_string}"},"query-input":{"@type":"PropertyValueSpecification","valueRequired":true,"valueName":"search_term_string"}}],"inLanguage":"en-US"},{"@type":"Organization","@id":"https:\/\/milpergaminhos.com\/#organization","name":"milpergaminhos.com","url":"https:\/\/milpergaminhos.com\/","logo":{"@type":"ImageObject","inLanguage":"en-US","@id":"https:\/\/milpergaminhos.com\/#\/schema\/logo\/image\/","url":"https:\/\/milpergaminhos.com\/wp-content\/uploads\/2025\/07\/mil-pergaminhos-logo.jpeg","contentUrl":"https:\/\/milpergaminhos.com\/wp-content\/uploads\/2025\/07\/mil-pergaminhos-logo.jpeg","width":1280,"height":1006,"caption":"milpergaminhos.com"},"image":{"@id":"https:\/\/milpergaminhos.com\/#\/schema\/logo\/image\/"}}]}},"_links":{"self":[{"href":"https:\/\/milpergaminhos.com\/en\/wp-json\/wp\/v2\/pages\/47","targetHints":{"allow":["GET"]}}],"collection":[{"href":"https:\/\/milpergaminhos.com\/en\/wp-json\/wp\/v2\/pages"}],"about":[{"href":"https:\/\/milpergaminhos.com\/en\/wp-json\/wp\/v2\/types\/page"}],"author":[{"embeddable":true,"href":"https:\/\/milpergaminhos.com\/en\/wp-json\/wp\/v2\/users\/1"}],"replies":[{"embeddable":true,"href":"https:\/\/milpergaminhos.com\/en\/wp-json\/wp\/v2\/comments?post=47"}],"version-history":[{"count":19,"href":"https:\/\/milpergaminhos.com\/en\/wp-json\/wp\/v2\/pages\/47\/revisions"}],"predecessor-version":[{"id":5214,"href":"https:\/\/milpergaminhos.com\/en\/wp-json\/wp\/v2\/pages\/47\/revisions\/5214"}],"wp:attachment":[{"href":"https:\/\/milpergaminhos.com\/en\/wp-json\/wp\/v2\/media?parent=47"}],"curies":[{"name":"wp","href":"https:\/\/api.w.org\/{rel}","templated":true}]}}